{"id":45,"date":"2025-02-04T13:26:28","date_gmt":"2025-02-04T13:26:28","guid":{"rendered":"https:\/\/teras-wish.com\/over-het-bedrijf\/"},"modified":"2025-02-05T09:00:09","modified_gmt":"2025-02-05T09:00:09","slug":"over-het-bedrijf","status":"publish","type":"page","link":"https:\/\/teras-wish.com\/ro\/over-het-bedrijf\/","title":{"rendered":"Despre companie"},"content":{"rendered":"<p>Bine a\u021bi venit pe blogul nostru, destina\u021bia pentru tot ce \u021bine de mod\u0103, stil \u0219i \u00eembr\u0103c\u0103minte.<\/p>\n<p><img loading=\"lazy\" decoding=\"async\" class=\"aligncenter wp-image-44 size-full\" src=\"https:\/\/teras-wish.com\/wp-content\/uploads\/molodaya-zhenshhina-stoit-vozle-garderoba-i-vybiraet-naryad-dlya-raboty.jpg\" alt=\"\" width=\"612\" height=\"407\" srcset=\"https:\/\/teras-wish.com\/wp-content\/uploads\/molodaya-zhenshhina-stoit-vozle-garderoba-i-vybiraet-naryad-dlya-raboty.jpg 612w, https:\/\/teras-wish.com\/wp-content\/uploads\/molodaya-zhenshhina-stoit-vozle-garderoba-i-vybiraet-naryad-dlya-raboty-300x200.jpg 300w\" sizes=\"auto, (max-width: 612px) 100vw, 612px\" \/><\/p>\n<h2>Misiunea noastr\u0103<\/h2>\n<p>Misiunea noastr\u0103 este s\u0103 facem moda accesibil\u0103 \u0219i inspiratoare pentru toat\u0103 lumea. Credem c\u0103 stilul este o modalitate de a te exprima \u0219i de a-\u021bi spori \u00eencrederea \u00een sine. De aceea, oferim o platform\u0103 unde nu doar discut\u0103m despre tendin\u021be, ci oferim \u0219i sfaturi despre cum s\u0103-\u021bi optimizezi garderoba \u0219i s\u0103-\u021bi creezi propriul look unic.<\/p>\n<h2>Ce pute\u021bi g\u0103si pe blogul nostru<\/h2>\n<p>Pe site-ul nostru web, \u00eemp\u0103rt\u0103\u0219im o gam\u0103 larg\u0103 de subiecte pentru a v\u0103 inspira \u0219i informa:<\/p>\n<ul>\n<li>Cele mai recente tendin\u021be \u00een mod\u0103 \u0219i cum s\u0103 le por\u021bi<\/li>\n<li>Ghiduri de stil pentru diferite ocazii<\/li>\n<li>Sfaturi pentru combinarea accesoriilor<\/li>\n<li>Sfaturi despre mod\u0103 sustenabil\u0103 \u0219i etic\u0103<\/li>\n<li>Interviuri cu exper\u021bi \u0219i persoane din interior \u00een mod\u0103<\/li>\n<\/ul>\n<h2>Contact<\/h2>\n<p>Apreciem contactul cu cititorii no\u0219tri \u0219i ne-ar pl\u0103cea s\u0103 v\u0103 auzim p\u0103rerea! Ave\u021bi \u00eentreb\u0103ri, idei sau sugestii? V\u0103 rug\u0103m s\u0103 nu ezita\u021bi s\u0103 ne scrie\u021bi la <a href=\"mailto:info@teras-wish.com\">info@teras-wish.com<\/a>Feedback-ul dumneavoastr\u0103 ne ajut\u0103 s\u0103 \u00eembun\u0103t\u0103\u021bim con\u021binutul \u0219i s\u0103 oferim \u0219i mai mult\u0103 valoare.<\/p>\n<p>V\u0103 mul\u021bumim c\u0103 a\u021bi vizitat blogul nostru. Sper\u0103m c\u0103 articolele noastre v\u0103 inspir\u0103 \u0219i v\u0103 ajut\u0103 s\u0103 v\u0103 \u00eembr\u0103\u021bi\u0219a\u021bi propria c\u0103l\u0103torie \u00een mod\u0103!<\/p>","protected":false},"excerpt":{"rendered":"<p>Bine a\u021bi venit pe blogul nostru, destina\u021bia pentru tot ce \u021bine de mod\u0103, stil \u0219i \u00eembr\u0103c\u0103minte. Misiunea noastr\u0103 Misiunea noastr\u0103 este s\u0103 facem moda accesibil\u0103 \u0219i inspiratoare pentru toat\u0103 lumea. Credem c\u0103 stilul este o modalitate de a te exprima \u0219i de a-\u021bi construi \u00eencrederea. De aceea, oferim o platform\u0103 unde [\u2026]<\/p>","protected":false},"author":1,"featured_media":0,"parent":0,"menu_order":0,"comment_status":"closed","ping_status":"closed","template":"","meta":{"_acf_changed":false,"footnotes":""},"class_list":["post-45","page","type-page","status-publish","hentry"],"acf":[],"yoast_head":"<!-- This site is optimized with the Yoast SEO plugin v23.2 - https:\/\/yoast.com\/wordpress\/plugins\/seo\/ -->\n<title>Over het bedrijf - teras-wish.com<\/title>\n<meta name=\"description\" content=\"Lees onze blog voor de nieuwste modetrends, stijltips en duurzame modeadvies. Inspireer jezelf en verbeter je stijl met onze inzichten\" \/>\n<meta name=\"robots\" content=\"index, follow, max-snippet:-1, max-image-preview:large, max-video-preview:-1\" \/>\n<link rel=\"canonical\" href=\"https:\/\/teras-wish.com\/ro\/over-het-bedrijf\/\" \/>\n<meta property=\"og:locale\" content=\"ro_RO\" \/>\n<meta property=\"og:type\" content=\"article\" \/>\n<meta property=\"og:title\" content=\"Over het bedrijf - teras-wish.com\" \/>\n<meta property=\"og:description\" content=\"Lees onze blog voor de nieuwste modetrends, stijltips en duurzame modeadvies. Inspireer jezelf en verbeter je stijl met onze inzichten\" \/>\n<meta property=\"og:url\" content=\"https:\/\/teras-wish.com\/ro\/over-het-bedrijf\/\" \/>\n<meta property=\"og:site_name\" content=\"teras-wish.com\" \/>\n<meta property=\"article:modified_time\" content=\"2025-02-05T09:00:09+00:00\" \/>\n<meta property=\"og:image\" content=\"https:\/\/teras-wish.com\/wp-content\/uploads\/molodaya-zhenshhina-stoit-vozle-garderoba-i-vybiraet-naryad-dlya-raboty.jpg\" \/>\n<meta name=\"twitter:card\" content=\"summary_large_image\" \/>\n<meta name=\"twitter:label1\" content=\"Timp estimat pentru citire\" \/>\n\t<meta name=\"twitter:data1\" content=\"2 minute\" \/>\n<script type=\"application\/ld+json\" class=\"yoast-schema-graph\">{\"@context\":\"https:\/\/schema.org\",\"@graph\":[{\"@type\":\"WebPage\",\"@id\":\"https:\/\/teras-wish.com\/over-het-bedrijf\/\",\"url\":\"https:\/\/teras-wish.com\/over-het-bedrijf\/\",\"name\":\"Over het bedrijf - teras-wish.com\",\"isPartOf\":{\"@id\":\"https:\/\/teras-wish.com\/#website\"},\"primaryImageOfPage\":{\"@id\":\"https:\/\/teras-wish.com\/over-het-bedrijf\/#primaryimage\"},\"image\":{\"@id\":\"https:\/\/teras-wish.com\/over-het-bedrijf\/#primaryimage\"},\"thumbnailUrl\":\"https:\/\/teras-wish.com\/wp-content\/uploads\/molodaya-zhenshhina-stoit-vozle-garderoba-i-vybiraet-naryad-dlya-raboty.jpg\",\"datePublished\":\"2025-02-04T13:26:28+00:00\",\"dateModified\":\"2025-02-05T09:00:09+00:00\",\"description\":\"Lees onze blog voor de nieuwste modetrends, stijltips en duurzame modeadvies. Inspireer jezelf en verbeter je stijl met onze inzichten\",\"breadcrumb\":{\"@id\":\"https:\/\/teras-wish.com\/over-het-bedrijf\/#breadcrumb\"},\"inLanguage\":\"ro-RO\",\"potentialAction\":[{\"@type\":\"ReadAction\",\"target\":[\"https:\/\/teras-wish.com\/over-het-bedrijf\/\"]}]},{\"@type\":\"ImageObject\",\"inLanguage\":\"ro-RO\",\"@id\":\"https:\/\/teras-wish.com\/over-het-bedrijf\/#primaryimage\",\"url\":\"https:\/\/teras-wish.com\/wp-content\/uploads\/molodaya-zhenshhina-stoit-vozle-garderoba-i-vybiraet-naryad-dlya-raboty.jpg\",\"contentUrl\":\"https:\/\/teras-wish.com\/wp-content\/uploads\/molodaya-zhenshhina-stoit-vozle-garderoba-i-vybiraet-naryad-dlya-raboty.jpg\"},{\"@type\":\"BreadcrumbList\",\"@id\":\"https:\/\/teras-wish.com\/over-het-bedrijf\/#breadcrumb\",\"itemListElement\":[{\"@type\":\"ListItem\",\"position\":1,\"name\":\"Home\",\"item\":\"https:\/\/teras-wish.com\/\"},{\"@type\":\"ListItem\",\"position\":2,\"name\":\"Over het bedrijf\"}]},{\"@type\":\"WebSite\",\"@id\":\"https:\/\/teras-wish.com\/#website\",\"url\":\"https:\/\/teras-wish.com\/\",\"name\":\"teras-wish.com\",\"description\":\"Expert kledingadvies voor elke gelegenheid\",\"potentialAction\":[{\"@type\":\"SearchAction\",\"target\":{\"@type\":\"EntryPoint\",\"urlTemplate\":\"https:\/\/teras-wish.com\/?s={search_term_string}\"},\"query-input\":\"required name=search_term_string\"}],\"inLanguage\":\"ro-RO\"}]}<\/script>\n<!-- \/ Yoast SEO plugin. -->","yoast_head_json":{"title":"Over het bedrijf - teras-wish.com","description":"Lees onze blog voor de nieuwste modetrends, stijltips en duurzame modeadvies. Inspireer jezelf en verbeter je stijl met onze inzichten","robots":{"index":"index","follow":"follow","max-snippet":"max-snippet:-1","max-image-preview":"max-image-preview:large","max-video-preview":"max-video-preview:-1"},"canonical":"https:\/\/teras-wish.com\/ro\/over-het-bedrijf\/","og_locale":"ro_RO","og_type":"article","og_title":"Over het bedrijf - teras-wish.com","og_description":"Lees onze blog voor de nieuwste modetrends, stijltips en duurzame modeadvies. Inspireer jezelf en verbeter je stijl met onze inzichten","og_url":"https:\/\/teras-wish.com\/ro\/over-het-bedrijf\/","og_site_name":"teras-wish.com","article_modified_time":"2025-02-05T09:00:09+00:00","og_image":[{"url":"https:\/\/teras-wish.com\/wp-content\/uploads\/molodaya-zhenshhina-stoit-vozle-garderoba-i-vybiraet-naryad-dlya-raboty.jpg"}],"twitter_card":"summary_large_image","twitter_misc":{"Timp estimat pentru citire":"2 minute"},"schema":{"@context":"https:\/\/schema.org","@graph":[{"@type":"WebPage","@id":"https:\/\/teras-wish.com\/over-het-bedrijf\/","url":"https:\/\/teras-wish.com\/over-het-bedrijf\/","name":"Over het bedrijf - teras-wish.com","isPartOf":{"@id":"https:\/\/teras-wish.com\/#website"},"primaryImageOfPage":{"@id":"https:\/\/teras-wish.com\/over-het-bedrijf\/#primaryimage"},"image":{"@id":"https:\/\/teras-wish.com\/over-het-bedrijf\/#primaryimage"},"thumbnailUrl":"https:\/\/teras-wish.com\/wp-content\/uploads\/molodaya-zhenshhina-stoit-vozle-garderoba-i-vybiraet-naryad-dlya-raboty.jpg","datePublished":"2025-02-04T13:26:28+00:00","dateModified":"2025-02-05T09:00:09+00:00","description":"Lees onze blog voor de nieuwste modetrends, stijltips en duurzame modeadvies. Inspireer jezelf en verbeter je stijl met onze inzichten","breadcrumb":{"@id":"https:\/\/teras-wish.com\/over-het-bedrijf\/#breadcrumb"},"inLanguage":"ro-RO","potentialAction":[{"@type":"ReadAction","target":["https:\/\/teras-wish.com\/over-het-bedrijf\/"]}]},{"@type":"ImageObject","inLanguage":"ro-RO","@id":"https:\/\/teras-wish.com\/over-het-bedrijf\/#primaryimage","url":"https:\/\/teras-wish.com\/wp-content\/uploads\/molodaya-zhenshhina-stoit-vozle-garderoba-i-vybiraet-naryad-dlya-raboty.jpg","contentUrl":"https:\/\/teras-wish.com\/wp-content\/uploads\/molodaya-zhenshhina-stoit-vozle-garderoba-i-vybiraet-naryad-dlya-raboty.jpg"},{"@type":"BreadcrumbList","@id":"https:\/\/teras-wish.com\/over-het-bedrijf\/#breadcrumb","itemListElement":[{"@type":"ListItem","position":1,"name":"Home","item":"https:\/\/teras-wish.com\/"},{"@type":"ListItem","position":2,"name":"Over het bedrijf"}]},{"@type":"WebSite","@id":"https:\/\/teras-wish.com\/#website","url":"https:\/\/teras-wish.com\/","name":"teras-wish.com","description":"Expert kledingadvies voor elke gelegenheid","potentialAction":[{"@type":"SearchAction","target":{"@type":"EntryPoint","urlTemplate":"https:\/\/teras-wish.com\/?s={search_term_string}"},"query-input":"required name=search_term_string"}],"inLanguage":"ro-RO"}]}},"yoast_meta":{"yoast_wpseo_title":"","yoast_wpseo_metadesc":"","yoast_wpseo_canonical":"https:\/\/teras-wish.com\/ro\/wp-json\/wp\/v2\/pages\/45"},"_links":{"self":[{"href":"https:\/\/teras-wish.com\/ro\/wp-json\/wp\/v2\/pages\/45","targetHints":{"allow":["GET"]}}],"collection":[{"href":"https:\/\/teras-wish.com\/ro\/wp-json\/wp\/v2\/pages"}],"about":[{"href":"https:\/\/teras-wish.com\/ro\/wp-json\/wp\/v2\/types\/page"}],"author":[{"embeddable":true,"href":"https:\/\/teras-wish.com\/ro\/wp-json\/wp\/v2\/users\/1"}],"replies":[{"embeddable":true,"href":"https:\/\/teras-wish.com\/ro\/wp-json\/wp\/v2\/comments?post=45"}],"version-history":[{"count":1,"href":"https:\/\/teras-wish.com\/ro\/wp-json\/wp\/v2\/pages\/45\/revisions"}],"predecessor-version":[{"id":54,"href":"https:\/\/teras-wish.com\/ro\/wp-json\/wp\/v2\/pages\/45\/revisions\/54"}],"wp:attachment":[{"href":"https:\/\/teras-wish.com\/ro\/wp-json\/wp\/v2\/media?parent=45"}],"curies":[{"name":"wp","href":"https:\/\/api.w.org\/{rel}","templated":true}]}}