{"id":46,"date":"2025-02-04T13:26:33","date_gmt":"2025-02-04T13:26:33","guid":{"rendered":"https:\/\/teras-wish.com\/contacten\/"},"modified":"2025-02-04T13:26:33","modified_gmt":"2025-02-04T13:26:33","slug":"contacten","status":"publish","type":"page","link":"https:\/\/teras-wish.com\/ro\/contacten\/","title":{"rendered":"Contacte"},"content":{"rendered":"<p>\n        Bine a\u021bi venit la <strong>Dorin\u021ba de teras\u0103<\/strong>Ave\u021bi \u00eentreb\u0103ri, comentarii sau sugestii? Echipa noastr\u0103 este aici pentru a v\u0103 ajuta.\n    <\/p>\n<h2>Trimite\u021bi-ne un mesaj<\/h2>\n<form action=\"\/ro\/submit\/\" method=\"post\" data-trp-original-action=\"\/submit\">\n        <label for=\"naam\">Nume:<\/label><br \/>\n        <input type=\"text\" id=\"naam\" name=\"naam\" required><\/p>\n<p>        <label for=\"email\">Adresa de e-mail:<\/label><br \/>\n        <input type=\"email\" id=\"email\" name=\"email\" required><\/p>\n<p>        <label for=\"onderwerp\">Subiect:<\/label><br \/>\n        <input type=\"text\" id=\"onderwerp\" name=\"onderwerp\" required><\/p>\n<p>        <label for=\"bericht\">Mesaj:<\/label><br \/>\n        <textarea id=\"bericht\" name=\"bericht\" rows=\"5\" required><\/textarea><\/p>\n<p>        <button type=\"submit\">Trimite<\/button><br \/>\n    <input type=\"hidden\" name=\"trp-form-language\" value=\"ro\"\/><\/form>","protected":false},"excerpt":{"rendered":"<p>Welkom bij Teras Wish. Heeft u vragen, opmerkingen of suggesties? Ons team staat klaar om u te helpen. Stuur Ons Een Bericht Naam: E-mailadres: Onderwerp: Bericht: Verzenden<\/p>","protected":false},"author":1,"featured_media":0,"parent":0,"menu_order":0,"comment_status":"closed","ping_status":"closed","template":"","meta":{"_acf_changed":false,"footnotes":""},"class_list":["post-46","page","type-page","status-publish","hentry"],"acf":[],"yoast_head":"<!-- This site is optimized with the Yoast SEO plugin v23.2 - https:\/\/yoast.com\/wordpress\/plugins\/seo\/ -->\n<title>Contacten - teras-wish.com<\/title>\n<meta name=\"description\" content=\"Neem contact op met TerasWish voor vragen of suggesties. Ons team staat klaar om je te helpen en te zorgen voor een snelle reactie.\" \/>\n<meta name=\"robots\" content=\"index, follow, max-snippet:-1, max-image-preview:large, max-video-preview:-1\" \/>\n<link rel=\"canonical\" href=\"https:\/\/teras-wish.com\/ro\/contacten\/\" \/>\n<meta property=\"og:locale\" content=\"ro_RO\" \/>\n<meta property=\"og:type\" content=\"article\" \/>\n<meta property=\"og:title\" content=\"Contacten - teras-wish.com\" \/>\n<meta property=\"og:description\" content=\"Neem contact op met TerasWish voor vragen of suggesties. Ons team staat klaar om je te helpen en te zorgen voor een snelle reactie.\" \/>\n<meta property=\"og:url\" content=\"https:\/\/teras-wish.com\/ro\/contacten\/\" \/>\n<meta property=\"og:site_name\" content=\"teras-wish.com\" \/>\n<meta name=\"twitter:card\" content=\"summary_large_image\" \/>\n<script type=\"application\/ld+json\" class=\"yoast-schema-graph\">{\"@context\":\"https:\/\/schema.org\",\"@graph\":[{\"@type\":\"WebPage\",\"@id\":\"https:\/\/teras-wish.com\/contacten\/\",\"url\":\"https:\/\/teras-wish.com\/contacten\/\",\"name\":\"Contacten - teras-wish.com\",\"isPartOf\":{\"@id\":\"https:\/\/teras-wish.com\/#website\"},\"datePublished\":\"2025-02-04T13:26:33+00:00\",\"dateModified\":\"2025-02-04T13:26:33+00:00\",\"description\":\"Neem contact op met TerasWish voor vragen of suggesties. Ons team staat klaar om je te helpen en te zorgen voor een snelle reactie.\",\"breadcrumb\":{\"@id\":\"https:\/\/teras-wish.com\/contacten\/#breadcrumb\"},\"inLanguage\":\"ro-RO\",\"potentialAction\":[{\"@type\":\"ReadAction\",\"target\":[\"https:\/\/teras-wish.com\/contacten\/\"]}]},{\"@type\":\"BreadcrumbList\",\"@id\":\"https:\/\/teras-wish.com\/contacten\/#breadcrumb\",\"itemListElement\":[{\"@type\":\"ListItem\",\"position\":1,\"name\":\"Home\",\"item\":\"https:\/\/teras-wish.com\/\"},{\"@type\":\"ListItem\",\"position\":2,\"name\":\"Contacten\"}]},{\"@type\":\"WebSite\",\"@id\":\"https:\/\/teras-wish.com\/#website\",\"url\":\"https:\/\/teras-wish.com\/\",\"name\":\"teras-wish.com\",\"description\":\"Expert kledingadvies voor elke gelegenheid\",\"potentialAction\":[{\"@type\":\"SearchAction\",\"target\":{\"@type\":\"EntryPoint\",\"urlTemplate\":\"https:\/\/teras-wish.com\/?s={search_term_string}\"},\"query-input\":\"required name=search_term_string\"}],\"inLanguage\":\"ro-RO\"}]}<\/script>\n<!-- \/ Yoast SEO plugin. -->","yoast_head_json":{"title":"Contacten - teras-wish.com","description":"Neem contact op met TerasWish voor vragen of suggesties. Ons team staat klaar om je te helpen en te zorgen voor een snelle reactie.","robots":{"index":"index","follow":"follow","max-snippet":"max-snippet:-1","max-image-preview":"max-image-preview:large","max-video-preview":"max-video-preview:-1"},"canonical":"https:\/\/teras-wish.com\/ro\/contacten\/","og_locale":"ro_RO","og_type":"article","og_title":"Contacten - teras-wish.com","og_description":"Neem contact op met TerasWish voor vragen of suggesties. Ons team staat klaar om je te helpen en te zorgen voor een snelle reactie.","og_url":"https:\/\/teras-wish.com\/ro\/contacten\/","og_site_name":"teras-wish.com","twitter_card":"summary_large_image","schema":{"@context":"https:\/\/schema.org","@graph":[{"@type":"WebPage","@id":"https:\/\/teras-wish.com\/contacten\/","url":"https:\/\/teras-wish.com\/contacten\/","name":"Contacten - teras-wish.com","isPartOf":{"@id":"https:\/\/teras-wish.com\/#website"},"datePublished":"2025-02-04T13:26:33+00:00","dateModified":"2025-02-04T13:26:33+00:00","description":"Neem contact op met TerasWish voor vragen of suggesties. Ons team staat klaar om je te helpen en te zorgen voor een snelle reactie.","breadcrumb":{"@id":"https:\/\/teras-wish.com\/contacten\/#breadcrumb"},"inLanguage":"ro-RO","potentialAction":[{"@type":"ReadAction","target":["https:\/\/teras-wish.com\/contacten\/"]}]},{"@type":"BreadcrumbList","@id":"https:\/\/teras-wish.com\/contacten\/#breadcrumb","itemListElement":[{"@type":"ListItem","position":1,"name":"Home","item":"https:\/\/teras-wish.com\/"},{"@type":"ListItem","position":2,"name":"Contacten"}]},{"@type":"WebSite","@id":"https:\/\/teras-wish.com\/#website","url":"https:\/\/teras-wish.com\/","name":"teras-wish.com","description":"Expert kledingadvies voor elke gelegenheid","potentialAction":[{"@type":"SearchAction","target":{"@type":"EntryPoint","urlTemplate":"https:\/\/teras-wish.com\/?s={search_term_string}"},"query-input":"required name=search_term_string"}],"inLanguage":"ro-RO"}]}},"yoast_meta":{"yoast_wpseo_title":"","yoast_wpseo_metadesc":"","yoast_wpseo_canonical":"https:\/\/teras-wish.com\/ro\/wp-json\/wp\/v2\/pages\/46"},"_links":{"self":[{"href":"https:\/\/teras-wish.com\/ro\/wp-json\/wp\/v2\/pages\/46","targetHints":{"allow":["GET"]}}],"collection":[{"href":"https:\/\/teras-wish.com\/ro\/wp-json\/wp\/v2\/pages"}],"about":[{"href":"https:\/\/teras-wish.com\/ro\/wp-json\/wp\/v2\/types\/page"}],"author":[{"embeddable":true,"href":"https:\/\/teras-wish.com\/ro\/wp-json\/wp\/v2\/users\/1"}],"replies":[{"embeddable":true,"href":"https:\/\/teras-wish.com\/ro\/wp-json\/wp\/v2\/comments?post=46"}],"version-history":[{"count":0,"href":"https:\/\/teras-wish.com\/ro\/wp-json\/wp\/v2\/pages\/46\/revisions"}],"wp:attachment":[{"href":"https:\/\/teras-wish.com\/ro\/wp-json\/wp\/v2\/media?parent=46"}],"curies":[{"name":"wp","href":"https:\/\/api.w.org\/{rel}","templated":true}]}}