{"id":9,"date":"2024-11-29T10:05:59","date_gmt":"2024-11-29T10:05:59","guid":{"rendered":"https:\/\/teras-wish.com\/?page_id=9"},"modified":"2024-11-29T10:06:01","modified_gmt":"2024-11-29T10:06:01","slug":"privacybeleid","status":"publish","type":"page","link":"https:\/\/teras-wish.com\/ro\/privacybeleid\/","title":{"rendered":"Politica de confiden\u021bialitate"},"content":{"rendered":"<h2 class=\"wp-block-heading\">Cine suntem noi<\/h2>\n\n\n<p><strong class=\"privacy-policy-tutorial\">Text sugerat: <\/strong>Adresa site-ului nostru web este: https:\/\/teras-wish.com.<\/p>\n\n\n<h2 class=\"wp-block-heading\">Comentarii<\/h2>\n\n\n<p><strong class=\"privacy-policy-tutorial\">Text sugerat: <\/strong>C\u00e2nd vizitatorii las\u0103 comentarii pe site, colect\u0103m datele afi\u0219ate \u00een formularul de comentarii, precum \u0219i adresa IP a vizitatorului \u0219i \u0219irul de caractere al agentului utilizator al browserului pentru a ajuta la detectarea spamului.<\/p>\n\n\n<p>Un \u0219ir anonimizat creat din adresa dvs. de e-mail (numit \u0219i hash) poate fi furnizat serviciului Gravatar pentru a vedea dac\u0103 \u00eel utiliza\u021bi. Politica de confiden\u021bialitate a serviciului Gravatar este disponibil\u0103 aici: https:\/\/automattic.com\/privacy\/. Dup\u0103 aprobarea comentariului dvs., fotografia dvs. de profil este vizibil\u0103 publicului \u00een contextul comentariului dvs.<\/p>\n\n\n<h2 class=\"wp-block-heading\">Media<\/h2>\n\n\n<p><strong class=\"privacy-policy-tutorial\">Text sugerat: <\/strong>Dac\u0103 \u00eenc\u0103rca\u021bi imagini pe site, ar trebui s\u0103 evita\u021bi \u00eenc\u0103rcarea imaginilor care con\u021bin date de loca\u021bie \u00eencorporate (EXIF GPS). Vizitatorii site-ului web pot desc\u0103rca \u0219i extrage orice date de loca\u021bie din imaginile de pe site.<\/p>\n\n\n<h2 class=\"wp-block-heading\">Cookie-uri<\/h2>\n\n\n<p><strong class=\"privacy-policy-tutorial\">Text sugerat: <\/strong>C\u00e2nd l\u0103sa\u021bi un comentariu pe site-ul nostru, pute\u021bi opta pentru salvarea numelui, adresei de e-mail \u0219i a site-ului web \u00een cookie-uri. Acestea sunt pentru confortul dumneavoastr\u0103, astfel \u00eenc\u00e2t s\u0103 nu fie nevoie s\u0103 completa\u021bi din nou datele dumneavoastr\u0103 atunci c\u00e2nd l\u0103sa\u021bi un alt comentariu. Aceste cookie-uri vor dura un an.<\/p>\n\n\n<p>Dac\u0103 ave\u021bi un cont \u0219i v\u0103 conecta\u021bi la acest site, vom seta un cookie temporar pentru a determina dac\u0103 browserul dvs. accept\u0103 cookie-uri. Acest cookie nu con\u021bine date personale \u0219i este \u0219ters c\u00e2nd \u00eenchide\u021bi browserul.<\/p>\n\n\n<p>C\u00e2nd v\u0103 conecta\u021bi, vom seta \u0219i mai multe cookie-uri pentru a salva informa\u021biile de conectare \u0219i op\u021biunile de afi\u0219are a ecranului. Cookie-urile de conectare sunt valabile dou\u0103 zile, iar cookie-urile pentru op\u021biunile de ecran sunt valabile un an. Dac\u0103 selecta\u021bi \u201e\u021aine-m\u0103 minte\u201d, datele de conectare vor persista timp de dou\u0103 s\u0103pt\u0103m\u00e2ni. Dac\u0103 v\u0103 deconecta\u021bi din cont, cookie-urile de conectare vor fi eliminate.<\/p>\n\n\n<p>C\u00e2nd edita\u021bi sau publica\u021bi un articol, un cookie suplimentar va fi salvat \u00een browserul dvs. Acest cookie nu include date personale \u0219i indic\u0103 pur \u0219i simplu ID-ul articolului pe care tocmai l-a\u021bi editat. Expir\u0103 dup\u0103 o zi.<\/p>\n\n\n<h2 class=\"wp-block-heading\">Con\u021binut \u00eencorporat de pe alte site-uri web<\/h2>\n\n\n<p><strong class=\"privacy-policy-tutorial\">Text sugerat: <\/strong>Articolele de pe acest site pot include con\u021binut \u00eencorporat (de exemplu, videoclipuri, imagini, articole etc.). Con\u021binutul \u00eencorporat de pe alte site-uri web se comport\u0103 exact la fel ca \u0219i cum vizitatorul ar fi vizitat cel\u0103lalt site web.<\/p>\n\n\n<p>Aceste site-uri web pot colecta date despre dvs., pot utiliza cookie-uri, pot \u00eencorpora urm\u0103rire suplimentar\u0103 de la ter\u021bi \u0219i pot monitoriza interac\u021biunea dvs. cu con\u021binutul \u00eencorporat respectiv, inclusiv urm\u0103rirea interac\u021biunii dvs. cu con\u021binutul \u00eencorporat dac\u0103 ave\u021bi un cont \u0219i sunte\u021bi conectat la site-ul web respectiv.<\/p>\n\n\n<h2 class=\"wp-block-heading\">Cu cine partaj\u0103m datele dumneavoastr\u0103<\/h2>\n\n\n<p><strong class=\"privacy-policy-tutorial\">Text sugerat: <\/strong>C\u00e2nd solicita\u021bi o resetare a parolei, adresa dvs. IP va fi inclus\u0103 \u00een e-mailul de resetare.<\/p>\n\n\n<h2 class=\"wp-block-heading\">C\u00e2t timp p\u0103str\u0103m datele dumneavoastr\u0103<\/h2>\n\n\n<p><strong class=\"privacy-policy-tutorial\">Text sugerat: <\/strong>Dac\u0103 la\u0219i un comentariu, comentariul \u0219i metadatele sale sunt p\u0103strate pe termen nelimitat. Acest lucru ne permite s\u0103 recunoa\u0219tem \u0219i s\u0103 aprob\u0103m automat orice comentarii ulterioare, \u00een loc s\u0103 le \u021binem \u00eentr-o coad\u0103 de moderare.<\/p>\n\n\n<p>Pentru utilizatorii care se \u00eenregistreaz\u0103 pe site-ul nostru web (dac\u0103 exist\u0103), stoc\u0103m \u0219i informa\u021biile personale pe care le furnizeaz\u0103 \u00een profilul lor de utilizator. To\u021bi utilizatorii \u00ee\u0219i pot vedea, edita sau \u0219terge informa\u021biile personale \u00een orice moment (cu excep\u021bia faptului c\u0103 nu \u00ee\u0219i pot schimba numele de utilizator). Administratorii site-ului web pot, de asemenea, vedea \u0219i edita aceste informa\u021bii.<\/p>\n\n\n<h2 class=\"wp-block-heading\">Ce drepturi ave\u021bi cu privire la propriile date?<\/h2>\n\n\n<p><strong class=\"privacy-policy-tutorial\">Text sugerat: <\/strong>Dac\u0103 ave\u021bi un cont pe acest site sau a\u021bi l\u0103sat comentarii, pute\u021bi solicita s\u0103 primi\u021bi un fi\u0219ier exportat cu datele personale pe care le de\u021binem despre dvs., inclusiv orice date pe care ni le-a\u021bi furnizat. De asemenea, pute\u021bi solicita s\u0103 \u0219tergem orice date personale pe care le de\u021binem despre dvs. Aceasta nu include datele pe care suntem obliga\u021bi s\u0103 le p\u0103str\u0103m \u00een scopuri administrative, juridice sau de securitate.<\/p>\n\n\n<h2 class=\"wp-block-heading\">Unde sunt trimise datele dumneavoastr\u0103<\/h2>\n\n\n<p><strong class=\"privacy-policy-tutorial\">Text sugerat: <\/strong>Comentariile vizitatorilor pot fi verificate prin intermediul unui serviciu automat de detectare a spamului.<\/p>","protected":false},"excerpt":{"rendered":"<p>Cine suntem Text sugerat: Adresa site-ului nostru web este: https:\/\/teras-wish.com. Comentarii Text sugerat: Dac\u0103 vizitatorii las\u0103 comentarii pe site, colect\u0103m datele afi\u0219ate \u00een formularul de comentarii, adresa IP a vizitatorului \u0219i agentul utilizator al browserului pentru a combate spamul. Un \u0219ir anonimizat, creat pe baza adresei dvs. de e-mail [\u2026]<\/p>","protected":false},"author":1,"featured_media":0,"parent":0,"menu_order":0,"comment_status":"closed","ping_status":"closed","template":"","meta":{"_acf_changed":false,"footnotes":""},"class_list":["post-9","page","type-page","status-publish","hentry"],"acf":[],"yoast_head":"<!-- This site is optimized with the Yoast SEO plugin v23.2 - https:\/\/yoast.com\/wordpress\/plugins\/seo\/ -->\n<title>Privacybeleid - teras-wish.com<\/title>\n<meta name=\"robots\" content=\"index, follow, max-snippet:-1, max-image-preview:large, max-video-preview:-1\" \/>\n<link rel=\"canonical\" href=\"https:\/\/teras-wish.com\/ro\/privacybeleid\/\" \/>\n<meta property=\"og:locale\" content=\"ro_RO\" \/>\n<meta property=\"og:type\" content=\"article\" \/>\n<meta property=\"og:title\" content=\"Privacybeleid - teras-wish.com\" \/>\n<meta property=\"og:description\" content=\"Wie zijn wij Voorgestelde tekst: Het adres van onze website is: https:\/\/teras-wish.com. Reacties Voorgestelde tekst: Als bezoekers reacties achterlaten op de website, verzamelen we de gegevens die getoond wordt in het reactieformulier, het IP-adres van de bezoeker en de browser user agent om spam te bestrijden. Een geanonimiseerde string, gemaakt op basis van je e-mailadres [&hellip;]\" \/>\n<meta property=\"og:url\" content=\"https:\/\/teras-wish.com\/ro\/privacybeleid\/\" \/>\n<meta property=\"og:site_name\" content=\"teras-wish.com\" \/>\n<meta property=\"article:modified_time\" content=\"2024-11-29T10:06:01+00:00\" \/>\n<meta name=\"twitter:card\" content=\"summary_large_image\" \/>\n<script type=\"application\/ld+json\" class=\"yoast-schema-graph\">{\"@context\":\"https:\/\/schema.org\",\"@graph\":[{\"@type\":\"WebPage\",\"@id\":\"https:\/\/teras-wish.com\/privacybeleid\/\",\"url\":\"https:\/\/teras-wish.com\/privacybeleid\/\",\"name\":\"Privacybeleid - teras-wish.com\",\"isPartOf\":{\"@id\":\"https:\/\/teras-wish.com\/#website\"},\"datePublished\":\"2024-11-29T10:05:59+00:00\",\"dateModified\":\"2024-11-29T10:06:01+00:00\",\"breadcrumb\":{\"@id\":\"https:\/\/teras-wish.com\/privacybeleid\/#breadcrumb\"},\"inLanguage\":\"ro-RO\",\"potentialAction\":[{\"@type\":\"ReadAction\",\"target\":[\"https:\/\/teras-wish.com\/privacybeleid\/\"]}]},{\"@type\":\"BreadcrumbList\",\"@id\":\"https:\/\/teras-wish.com\/privacybeleid\/#breadcrumb\",\"itemListElement\":[{\"@type\":\"ListItem\",\"position\":1,\"name\":\"Home\",\"item\":\"https:\/\/teras-wish.com\/\"},{\"@type\":\"ListItem\",\"position\":2,\"name\":\"Privacybeleid\"}]},{\"@type\":\"WebSite\",\"@id\":\"https:\/\/teras-wish.com\/#website\",\"url\":\"https:\/\/teras-wish.com\/\",\"name\":\"teras-wish.com\",\"description\":\"Expert kledingadvies voor elke gelegenheid\",\"potentialAction\":[{\"@type\":\"SearchAction\",\"target\":{\"@type\":\"EntryPoint\",\"urlTemplate\":\"https:\/\/teras-wish.com\/?s={search_term_string}\"},\"query-input\":\"required name=search_term_string\"}],\"inLanguage\":\"ro-RO\"}]}<\/script>\n<!-- \/ Yoast SEO plugin. -->","yoast_head_json":{"title":"Privacybeleid - teras-wish.com","robots":{"index":"index","follow":"follow","max-snippet":"max-snippet:-1","max-image-preview":"max-image-preview:large","max-video-preview":"max-video-preview:-1"},"canonical":"https:\/\/teras-wish.com\/ro\/privacybeleid\/","og_locale":"ro_RO","og_type":"article","og_title":"Privacybeleid - teras-wish.com","og_description":"Wie zijn wij Voorgestelde tekst: Het adres van onze website is: https:\/\/teras-wish.com. Reacties Voorgestelde tekst: Als bezoekers reacties achterlaten op de website, verzamelen we de gegevens die getoond wordt in het reactieformulier, het IP-adres van de bezoeker en de browser user agent om spam te bestrijden. Een geanonimiseerde string, gemaakt op basis van je e-mailadres [&hellip;]","og_url":"https:\/\/teras-wish.com\/ro\/privacybeleid\/","og_site_name":"teras-wish.com","article_modified_time":"2024-11-29T10:06:01+00:00","twitter_card":"summary_large_image","schema":{"@context":"https:\/\/schema.org","@graph":[{"@type":"WebPage","@id":"https:\/\/teras-wish.com\/privacybeleid\/","url":"https:\/\/teras-wish.com\/privacybeleid\/","name":"Privacybeleid - teras-wish.com","isPartOf":{"@id":"https:\/\/teras-wish.com\/#website"},"datePublished":"2024-11-29T10:05:59+00:00","dateModified":"2024-11-29T10:06:01+00:00","breadcrumb":{"@id":"https:\/\/teras-wish.com\/privacybeleid\/#breadcrumb"},"inLanguage":"ro-RO","potentialAction":[{"@type":"ReadAction","target":["https:\/\/teras-wish.com\/privacybeleid\/"]}]},{"@type":"BreadcrumbList","@id":"https:\/\/teras-wish.com\/privacybeleid\/#breadcrumb","itemListElement":[{"@type":"ListItem","position":1,"name":"Home","item":"https:\/\/teras-wish.com\/"},{"@type":"ListItem","position":2,"name":"Privacybeleid"}]},{"@type":"WebSite","@id":"https:\/\/teras-wish.com\/#website","url":"https:\/\/teras-wish.com\/","name":"teras-wish.com","description":"Expert kledingadvies voor elke gelegenheid","potentialAction":[{"@type":"SearchAction","target":{"@type":"EntryPoint","urlTemplate":"https:\/\/teras-wish.com\/?s={search_term_string}"},"query-input":"required name=search_term_string"}],"inLanguage":"ro-RO"}]}},"yoast_meta":{"yoast_wpseo_title":"","yoast_wpseo_metadesc":"","yoast_wpseo_canonical":"https:\/\/teras-wish.com\/ro\/wp-json\/wp\/v2\/pages\/9"},"_links":{"self":[{"href":"https:\/\/teras-wish.com\/ro\/wp-json\/wp\/v2\/pages\/9","targetHints":{"allow":["GET"]}}],"collection":[{"href":"https:\/\/teras-wish.com\/ro\/wp-json\/wp\/v2\/pages"}],"about":[{"href":"https:\/\/teras-wish.com\/ro\/wp-json\/wp\/v2\/types\/page"}],"author":[{"embeddable":true,"href":"https:\/\/teras-wish.com\/ro\/wp-json\/wp\/v2\/users\/1"}],"replies":[{"embeddable":true,"href":"https:\/\/teras-wish.com\/ro\/wp-json\/wp\/v2\/comments?post=9"}],"version-history":[{"count":1,"href":"https:\/\/teras-wish.com\/ro\/wp-json\/wp\/v2\/pages\/9\/revisions"}],"predecessor-version":[{"id":10,"href":"https:\/\/teras-wish.com\/ro\/wp-json\/wp\/v2\/pages\/9\/revisions\/10"}],"wp:attachment":[{"href":"https:\/\/teras-wish.com\/ro\/wp-json\/wp\/v2\/media?parent=9"}],"curies":[{"name":"wp","href":"https:\/\/api.w.org\/{rel}","templated":true}]}}